{"id":602,"date":"2018-08-09T13:55:04","date_gmt":"2018-08-09T13:55:04","guid":{"rendered":"http:\/\/byanca.select-themes.com\/?page_id=602"},"modified":"2024-09-15T07:32:58","modified_gmt":"2024-09-15T07:32:58","slug":"home-1","status":"publish","type":"page","link":"https:\/\/relouded.com\/","title":{"rendered":"Main Home"},"content":{"rendered":"<section class=\"wpb-content-wrapper\"><p>[vc_row el_class=&#8221;qs-disregard-top&#8221;][vc_column css=&#8221;.vc_custom_1715455043158{border-radius: 1px !important;}&#8221;][vc_single_image image=&#8221;5620&#8243; img_size=&#8221;FULL&#8221; alignment=&#8221;center&#8221; title=&#8221;Reloaded&#8221; css=&#8221;.vc_custom_1715455782574{background-color: #ffffff !important;border-radius: 2px !important;}&#8221;][vc_empty_space][\/vc_column][\/vc_row][vc_row][vc_column width=&#8221;1\/2&#8243;][vc_column_text]<\/p>\n<blockquote>\n<p style=\"text-align: center;\"><span style=\"font-weight: 400;\">O meu nome \u00e9 Lousane Mendon\u00e7a, sou natural de Mo\u00e7ambique.<\/span> <span style=\"font-weight: 400;\">Como muitos de voc\u00eas, adoro viajar e fotografar tudo o que me encanta e decidi abrir este BLOG para partilhar convosco todas as minhas aventuras, com dicas e opini\u00f5es sobre diversos temas.<\/span> <span style=\"font-weight: 400;\">Para quem ainda n\u00e3o me segue no instagram sigam <\/span><b>@re.louded<\/b><span style=\"font-weight: 400;\"> e partilhem comigo as vossas experi\u00eancias pelo mundo.<\/span> <span style=\"font-weight: 400;\">Espero que esta seja uma plataforma cheia de entretenimento e mais uma aventura fant\u00e1stica!<\/span> <span style=\"font-weight: 400;\">Um beijinho,<\/span> <span style=\"font-weight: 400;\">LM.<\/span><\/p>\n<\/blockquote>\n<p>[\/vc_column_text][\/vc_column][vc_column width=&#8221;1\/2&#8243;][vc_gallery interval=&#8221;0&#8243; images=&#8221;5612&#8243; img_size=&#8221;MEDIUM&#8221; onclick=&#8221;&#8221;][\/vc_column][\/vc_row][vc_row row_content_width=&#8221;grid&#8221; css=&#8221;.vc_custom_1534339268661{padding-top: 148px !important;padding-bottom: 51px !important;}&#8221;][vc_column][vc_separator color=&#8221;custom&#8221; el_width=&#8221;20&#8243; accent_color=&#8221;#e2e2e2&#8243;][vc_empty_space height=&#8221;112px&#8221;][vc_single_image image=&#8221;970&#8243; img_size=&#8221;full&#8221; alignment=&#8221;center&#8221;][vc_empty_space height=&#8221;106px&#8221;][vc_separator color=&#8221;custom&#8221; el_width=&#8221;20&#8243; accent_color=&#8221;#e2e2e2&#8243;][\/vc_column][\/vc_row][vc_row row_content_width=&#8221;grid&#8221;][vc_column][vc_column_text][qodef_elements_holder holder_full_height=&#8221;no&#8221; number_of_columns=&#8221;one-column&#8221; switch_to_one_column=&#8221;&#8221; alignment_one_column=&#8221;&#8221;][qodef_elements_holder_item item_padding_1367_1600=&#8221;100px 7% 200px&#8221; item_padding_1025_1366=&#8221;100px 15% 200px&#8221; item_padding=&#8221;100px 0 200px&#8221;][qodef_product_category_showcase additional_effect=&#8221;loading-effect&#8221; category_1=&#8221;fashion&#8221; image_1=&#8221;725&#8243; image_size_1=&#8221;full&#8221; title_color_1=&#8221;#ffffff&#8221; category_2=&#8221;trf-basic&#8221; image_2=&#8221;726&#8243; image_size_2=&#8221;full&#8221; title_color_2=&#8221;#ffffff&#8221; category_3=&#8221;new-season&#8221; image_3=&#8221;727&#8243; image_size_3=&#8221;full&#8221; title_color_3=&#8221;#ffffff&#8221;][\/qodef_elements_holder_item][\/qodef_elements_holder][\/vc_column_text][\/vc_column][\/vc_row][vc_row][vc_column el_id=&#8221;blog&#8221;][vc_column_text][qodef_elements_holder holder_full_height=&#8221;no&#8221; number_of_columns=&#8221;one-column&#8221; switch_to_one_column=&#8221;&#8221; alignment_one_column=&#8221;&#8221;][qodef_elements_holder_item item_padding=&#8221;0 9.5%&#8221; item_padding_1367_1600=&#8221;0 10.5%&#8221; item_padding_1025_1366=&#8221;0 10.5%&#8221; item_padding_769_1024=&#8221;0 18.5%&#8221; item_padding_681_768=&#8221;0 23.5%&#8221; item_padding_680=&#8221;0 21.5%&#8221;][qodef_product_list_carousel type=&#8221;standard&#8221; space_between_items=&#8221;tiny&#8221; on_hover_behavior=&#8221;&#8221; orderby=&#8221;date&#8221; order=&#8221;ASC&#8221; taxonomy_to_display=&#8221;tag&#8221; image_size=&#8221;full&#8221; responsive_layout=&#8221;&#8221; number_of_visible_items=&#8221;5&#8243; slider_loop=&#8221;yes&#8221; slider_autoplay=&#8221;yes&#8221; slider_mousewheel=&#8221;no&#8221; enable_full_screen_item=&#8221;no&#8221; slider_navigation=&#8221;yes&#8221; slider_pagination=&#8221;no&#8221; product_info_behavior=&#8221;always&#8221; display_category=&#8221;yes&#8221; display_rating=&#8221;no&#8221; taxonomy_values=&#8221;casual&#8221; number_of_visible_items_1281_1366=&#8221;5&#8243; number_of_visible_items_1025_1280=&#8221;5&#8243; number_of_visible_items_769_1024=&#8221;2&#8243; number_of_visible_items_681_768=&#8221;1&#8243; number_of_visible_items_680=&#8221;1&#8243;][\/qodef_elements_holder_item][\/qodef_elements_holder][\/vc_column_text][\/vc_column][\/vc_row][vc_row content_text_aligment=&#8221;center&#8221; css=&#8221;.vc_custom_1534339347195{padding-top: 170px !important;}&#8221;][vc_column][vc_column_text]<\/p>\n<h1>View all items<\/h1>\n<p>[\/vc_column_text][\/vc_column][\/vc_row][vc_row css=&#8221;.vc_custom_1722536762449{padding-top: 80px !important;}&#8221;][vc_column el_id=&#8221;blog-id&#8221;][vc_column_text][qodef_product_list_carousel type=&#8221;standard&#8221; space_between_items=&#8221;huge&#8221; on_hover_behavior=&#8221;zoom&#8221; orderby=&#8221;date&#8221; order=&#8221;DESC&#8221; taxonomy_to_display=&#8221;tag&#8221; image_size=&#8221;&#8221; responsive_layout=&#8221;&#8221; number_of_visible_items=&#8221;1&#8243; slider_loop=&#8221;yes&#8221; slider_autoplay=&#8221;yes&#8221; slider_mousewheel=&#8221;no&#8221; enable_full_screen_item=&#8221;no&#8221; slider_navigation=&#8221;no&#8221; slider_pagination=&#8221;no&#8221; display_title=&#8221;no&#8221; display_rating=&#8221;no&#8221; display_price=&#8221;no&#8221; display_button=&#8221;no&#8221; number_of_posts=&#8221;5&#8243; taxonomy_values=&#8221;Fall&#8221; carousel_stage_padding=&#8221;34%&#8221; number_of_visible_items_769_1024=&#8221;1&#8243; number_of_visible_items_1281_1366=&#8221;1&#8243; number_of_visible_items_1025_1280=&#8221;1&#8243;][\/vc_column_text][\/vc_column][\/vc_row][vc_row content_text_aligment=&#8221;center&#8221; css=&#8221;.vc_custom_1535373524408{padding-top: 169px !important;}&#8221;][vc_column][vc_column_text]<\/p>\n<h1>Today&#8217;s News<\/h1>\n<p>[\/vc_column_text][\/vc_column][\/vc_row][vc_row row_content_width=&#8221;grid&#8221; css=&#8221;.vc_custom_1534339515764{padding-top: 70px !important;}&#8221;][vc_column][vc_column_text][qodef_blog_list type=&#8221;standard&#8221; number_of_columns=&#8221;three&#8221; space_between_items=&#8221;small&#8221; orderby=&#8221;date&#8221; order=&#8221;ASC&#8221; image_size=&#8221;full&#8221; post_info_image=&#8221;no&#8221; post_info_author=&#8221;no&#8221; number_of_posts=&#8221;3&#8243; category=&#8221;beauty&#8221; excerpt_length=&#8221;22&#8243;][\/vc_column_text][\/vc_column][\/vc_row][vc_row row_content_width=&#8221;grid&#8221; css=&#8221;.vc_custom_1534863200188{padding-top: 200px !important;}&#8221;][vc_column][vc_column_text][qodef_elements_holder holder_full_height=&#8221;no&#8221; number_of_columns=&#8221;one-column&#8221; switch_to_one_column=&#8221;&#8221; alignment_one_column=&#8221;&#8221;][qodef_elements_holder_item item_padding_1367_1600=&#8221;0 7%&#8221; item_padding_1025_1366=&#8221;0 15%&#8221;][qodef_presentation title_tag=&#8221;&#8221; show_separator=&#8221;yes&#8221; show_button=&#8221;yes&#8221; button_type=&#8221;outline&#8221; button_size=&#8221;medium&#8221; button_text=&#8221;New Collection&#8221; button_target=&#8221;_self&#8221; additional_effect=&#8221;parallax-effect&#8221; title=&#8221;TRF Basics&#8221; text=&#8221;Lorem ipsum dolor sit amet, consctetu de adi ti scing elit. Sed placerat idnisl id vehicula. Ne aliquam liula masa, vitae tempor elit et tristue.&#8221; image_1=&#8221;2973&#8243; image_size_1=&#8221;full&#8221; image_2=&#8221;2972&#8243; image_size_2=&#8221;full&#8221; button_link=&#8221;http:\/\/byanca.select-themes.com\/product-category\/trf-basic\/&#8221; title_top_margin=&#8221;50px&#8221;][\/qodef_elements_holder_item][\/qodef_elements_holder][\/vc_column_text][\/vc_column][\/vc_row][vc_row content_placement=&#8221;middle&#8221; content_text_aligment=&#8221;center&#8221; parallax_background_image=&#8221;2226&#8243; parallax_bg_height=&#8221;530px&#8221;][vc_column][vc_column_text][qodef_video_button play_button_image=&#8221;946&#8243; video_link=&#8221;https:\/\/vimeo.com\/132775760&#8243;][\/vc_column_text][\/vc_column][\/vc_row][vc_row simple_background_color=&#8221;#f8f8f8&#8243;][vc_column][vc_column_text][qodef_elements_holder holder_full_height=&#8221;no&#8221; number_of_columns=&#8221;one-column&#8221; switch_to_one_column=&#8221;&#8221; alignment_one_column=&#8221;&#8221;][qodef_elements_holder_item item_padding=&#8221;79px 0 76px 0&#8243; item_padding_769_1024=&#8221;62px 0 59px 0&#8243; item_padding_681_768=&#8221;60px 0 57px 0&#8243; item_padding_680=&#8221;13px 0 10px&#8221;][qodef_clients_carousel number_of_visible_items=&#8221;6&#8243; slider_loop=&#8221;no&#8221; slider_autoplay=&#8221;yes&#8221; slider_navigation=&#8221;no&#8221; slider_pagination=&#8221;no&#8221; items_hover_animation=&#8221;switch-images&#8221; number_of_visible_items_1281_1366=&#8221;6&#8243; number_of_visible_items_1025_1280=&#8221;6&#8243; number_of_visible_items_769_1024=&#8221;4&#8243; number_of_visible_items_681_768=&#8221;3&#8243;][qodef_clients_carousel_item target=&#8221;_self&#8221; image=&#8221;948&#8243; link=&#8221;#&#8221; hover_image=&#8221;3783&#8243;][\/qodef_clients_carousel_item][qodef_clients_carousel_item target=&#8221;_self&#8221; image=&#8221;949&#8243; link=&#8221;#&#8221; hover_image=&#8221;3789&#8243;][\/qodef_clients_carousel_item][qodef_clients_carousel_item target=&#8221;_self&#8221; image=&#8221;950&#8243; link=&#8221;#&#8221; hover_image=&#8221;3878&#8243;][\/qodef_clients_carousel_item][qodef_clients_carousel_item target=&#8221;_self&#8221; image=&#8221;965&#8243; link=&#8221;#&#8221; hover_image=&#8221;3791&#8243;][\/qodef_clients_carousel_item][qodef_clients_carousel_item target=&#8221;_self&#8221; image=&#8221;961&#8243; link=&#8221;#&#8221; hover_image=&#8221;3792&#8243;][\/qodef_clients_carousel_item][qodef_clients_carousel_item target=&#8221;_self&#8221; image=&#8221;953&#8243; link=&#8221;#&#8221; hover_image=&#8221;3793&#8243;][\/qodef_clients_carousel_item][\/qodef_clients_carousel][\/qodef_elements_holder_item][\/qodef_elements_holder][\/vc_column_text][\/vc_column][\/vc_row][vc_row row_content_width=&#8221;grid&#8221;][vc_column][vc_column_text][qodef_elements_holder holder_full_height=&#8221;no&#8221; number_of_columns=&#8221;one-column&#8221; switch_to_one_column=&#8221;&#8221; alignment_one_column=&#8221;&#8221;][qodef_elements_holder_item item_padding_681_768=&#8221;200px 0&#8243; item_padding_680=&#8221;150px 0 140px 0&#8243; item_padding_1367_1600=&#8221;200px 7% 195px&#8221; item_padding_1025_1366=&#8221;200px 15% 195px&#8221; item_padding=&#8221;200px 0 195px 0&#8243; item_padding_769_1024=&#8221;200px 0 195px 0&#8243;][qodef_product_category additional_effect=&#8221;parallax-effect&#8221; category=&#8221;new-season&#8221; images=&#8221;1002,993&#8243; image_size=&#8221;full&#8221;][\/qodef_elements_holder_item][\/qodef_elements_holder][\/vc_column_text][\/vc_column][\/vc_row][vc_row row_content_width=&#8221;grid&#8221; css=&#8221;.vc_custom_1534924536144{padding-bottom: 50px !important;}&#8221;][vc_column][vc_column_text][qodef_elements_holder holder_full_height=&#8221;no&#8221; number_of_columns=&#8221;three-columns&#8221; switch_to_one_column=&#8221;768&#8243; alignment_one_column=&#8221;&#8221;][qodef_elements_holder_item][qodef_icon_with_text type=&#8221;icon-left&#8221; icon_pack=&#8221;dripicons&#8221; dripicon=&#8221;&#8221; title_tag=&#8221;h4&#8243; custom_icon=&#8221;1738&#8243; title=&#8221;Free Shiping&#8221; text=&#8221;Lore ipsum dolor sit amet, consectetur adipim scing elit. Sed placerat id nisl id.&#8221; custom_icon_size=&#8221;20px&#8221; link=&#8221;#&#8221;][vc_empty_space height=&#8221;50px&#8221;][\/qodef_elements_holder_item][qodef_elements_holder_item][qodef_icon_with_text type=&#8221;icon-left&#8221; icon_pack=&#8221;dripicons&#8221; dripicon=&#8221;&#8221; title_tag=&#8221;h4&#8243; custom_icon=&#8221;1032&#8243; title=&#8221;Pay Options&#8221; text=&#8221;Lore ipsum dolor sit amet, consectetur adipim scing elit. Sed placerat id nisl id.&#8221; link=&#8221;#&#8221;][vc_empty_space height=&#8221;50px&#8221;][\/qodef_elements_holder_item][qodef_elements_holder_item item_padding=&#8221;0 0 50px 0&#8243; item_padding_681_768=&#8221;0 0&#8243; item_padding_680=&#8221;0 0&#8243;][qodef_icon_with_text type=&#8221;icon-left&#8221; icon_pack=&#8221;dripicons&#8221; dripicon=&#8221;&#8221; title_tag=&#8221;h4&#8243; custom_icon=&#8221;3962&#8243; title=&#8221;New Discount&#8221; text=&#8221;Lore ipsum dolor sit amet, consectetur adipim scing elit. Sed placerat id nisl id.&#8221; link=&#8221;#&#8221;][\/qodef_elements_holder_item][\/qodef_elements_holder][\/vc_column_text][\/vc_column][\/vc_row][vc_row row_content_width=&#8221;grid&#8221;][vc_column][vc_column_text][qodef_elements_holder holder_full_height=&#8221;no&#8221; number_of_columns=&#8221;three-columns&#8221; switch_to_one_column=&#8221;768&#8243; alignment_one_column=&#8221;&#8221;][qodef_elements_holder_item][qodef_icon_with_text type=&#8221;icon-left&#8221; icon_pack=&#8221;dripicons&#8221; dripicon=&#8221;&#8221; title_tag=&#8221;h4&#8243; custom_icon=&#8221;1034&#8243; title=&#8221;Online Shop&#8221; text=&#8221;Lore ipsum dolor sit amet, consectetur adipim scing elit. Sed placerat id nisl id.&#8221; link=&#8221;#&#8221;][vc_empty_space height=&#8221;50px&#8221;][\/qodef_elements_holder_item][qodef_elements_holder_item][qodef_icon_with_text type=&#8221;icon-left&#8221; icon_pack=&#8221;dripicons&#8221; dripicon=&#8221;&#8221; title_tag=&#8221;h4&#8243; custom_icon=&#8221;1033&#8243; title=&#8221;Pick Up Today&#8221; text=&#8221;Lore ipsum dolor sit amet, consectetur adipim scing elit. Sed placerat id nisl id.&#8221; link=&#8221;#&#8221;][vc_empty_space height=&#8221;50px&#8221;][\/qodef_elements_holder_item][qodef_elements_holder_item][qodef_icon_with_text type=&#8221;icon-left&#8221; icon_pack=&#8221;dripicons&#8221; dripicon=&#8221;&#8221; title_tag=&#8221;h4&#8243; custom_icon=&#8221;3960&#8243; title=&#8221;Free Codes&#8221; text=&#8221;Lore ipsum dolor sit amet, consectetur adipim scing elit. Sed placerat id nisl id.&#8221; link=&#8221;#&#8221;][vc_empty_space height=&#8221;50px&#8221;][\/qodef_elements_holder_item][\/qodef_elements_holder][\/vc_column_text][\/vc_column][\/vc_row][vc_row css=&#8221;.vc_custom_1534342459948{padding-top: 141px !important;}&#8221;][vc_column][vc_column_text][qodef_product_category_list_carousel space_between_items=&#8221;huge&#8221; orderby=&#8221;name&#8221; order=&#8221;DESC&#8221; image_size=&#8221;full&#8221; responsive_layout=&#8221;&#8221; number_of_visible_items=&#8221;2&#8243; slider_loop=&#8221;yes&#8221; slider_autoplay=&#8221;yes&#8221; slider_navigation=&#8221;no&#8221; slider_pagination=&#8221;no&#8221; title_appearance=&#8221;always&#8221; title_position=&#8221;center&#8221; title_tag=&#8221;h2&#8243; carousel_stage_padding=&#8221;15%&#8221; category_slugs=&#8221;trf-basic,cardigans,new-season,fall-winter,tailored&#8221; number_of_visible_items_1281_1366=&#8221;2&#8243; number_of_visible_items_1025_1280=&#8221;2&#8243; number_of_visible_items_769_1024=&#8221;2&#8243; number_of_visible_items_681_768=&#8221;1&#8243; number_of_visible_items_680=&#8221;1&#8243; number_of_posts=&#8221;5&#8243;][\/vc_column_text][\/vc_column][\/vc_row][vc_row content_text_aligment=&#8221;center&#8221; css=&#8221;.vc_custom_1534339347195{padding-top: 170px !important;}&#8221;][vc_column][vc_column_text]<\/p>\n<h1>Instagram<\/h1>\n<p>[\/vc_column_text][\/vc_column][\/vc_row][vc_row css=&#8221;.vc_custom_1535971501652{padding-bottom: 190px !important;}&#8221;][vc_column][vc_column_text][qodef_elements_holder holder_full_height=&#8221;no&#8221; number_of_columns=&#8221;one-column&#8221; switch_to_one_column=&#8221;&#8221; alignment_one_column=&#8221;&#8221;][qodef_elements_holder_item item_padding=&#8221;120px 18.8% 0&#8243; item_padding_1367_1600=&#8221;120px 8.8% 0&#8243; item_padding_1025_1366=&#8221;120px 6.6% 0&#8243; item_padding_769_1024=&#8221;80px 13% 0&#8243; item_padding_681_768=&#8221;80px 11% 0&#8243; item_padding_680=&#8221;80px 10% 0&#8243;][vc_widget_sidebar sidebar_id=&#8221;instagram&#8221;][\/qodef_elements_holder_item][\/qodef_elements_holder][\/vc_column_text][\/vc_column][\/vc_row][vc_row row_content_width=&#8221;grid&#8221; content_text_aligment=&#8221;center&#8221; simple_background_color=&#8221;#f8f8f8&#8243;][vc_column][vc_column_text][qodef_elements_holder holder_full_height=&#8221;no&#8221; number_of_columns=&#8221;one-column&#8221; switch_to_one_column=&#8221;&#8221; alignment_one_column=&#8221;&#8221;][qodef_elements_holder_item horizontal_alignment=&#8221;center&#8221; item_padding=&#8221;55px 23%&#8221; item_padding_769_1024=&#8221;55px 9%&#8221; item_padding_681_768=&#8221;55px 19%&#8221; item_padding_680=&#8221;50px 11%&#8221;][qodef_call_to_action layout=&#8221;normal&#8221; content_elements_proportion=&#8221;80&#8243; button_text=&#8221;Subscribe&#8221; button_type=&#8221;outline&#8221; button_size=&#8221;&#8221; button_position=&#8221;left&#8221; button_link=&#8221;http:\/\/byanca.select-themes.com\/contact-us\/&#8221;]<\/p>\n<h5>Subscribe to our Newsletter and be in touch<\/h5>\n<p>[\/qodef_call_to_action][\/qodef_elements_holder_item][\/qodef_elements_holder][\/vc_column_text][\/vc_column][\/vc_row]<\/p>\n<\/section>","protected":false},"excerpt":{"rendered":"<p>[vc_row el_class=&#8221;qs-disregard-top&#8221;][vc_column css=&#8221;.vc_custom_1715455043158{border-radius: 1px !important;}&#8221;][vc_single_image image=&#8221;5620&#8243; img_size=&#8221;FULL&#8221; alignment=&#8221;center&#8221; title=&#8221;Reloaded&#8221; css=&#8221;.vc_custom_1715455782574{background-color: #ffffff !important;border-radius: 2px !important;}&#8221;][vc_empty_space][\/vc_column][\/vc_row][vc_row][vc_column width=&#8221;1\/2&#8243;][vc_column_text] O meu nome \u00e9 Lousane Mendon\u00e7a, sou natural de Mo\u00e7ambique. Como muitos de voc\u00eas, adoro viajar e fotografar tudo o que me encanta e decidi abrir este BLOG para partilhar convosco todas as minhas aventuras, com dicas e opini\u00f5es sobre [&hellip;]<\/p>\n","protected":false},"author":1,"featured_media":5617,"parent":0,"menu_order":0,"comment_status":"closed","ping_status":"closed","template":"","meta":{"footnotes":""},"class_list":["post-602","page","type-page","status-publish","has-post-thumbnail","hentry"],"_links":{"self":[{"href":"https:\/\/relouded.com\/index.php?rest_route=\/wp\/v2\/pages\/602","targetHints":{"allow":["GET"]}}],"collection":[{"href":"https:\/\/relouded.com\/index.php?rest_route=\/wp\/v2\/pages"}],"about":[{"href":"https:\/\/relouded.com\/index.php?rest_route=\/wp\/v2\/types\/page"}],"author":[{"embeddable":true,"href":"https:\/\/relouded.com\/index.php?rest_route=\/wp\/v2\/users\/1"}],"replies":[{"embeddable":true,"href":"https:\/\/relouded.com\/index.php?rest_route=%2Fwp%2Fv2%2Fcomments&post=602"}],"version-history":[{"count":13,"href":"https:\/\/relouded.com\/index.php?rest_route=\/wp\/v2\/pages\/602\/revisions"}],"predecessor-version":[{"id":5953,"href":"https:\/\/relouded.com\/index.php?rest_route=\/wp\/v2\/pages\/602\/revisions\/5953"}],"wp:featuredmedia":[{"embeddable":true,"href":"https:\/\/relouded.com\/index.php?rest_route=\/wp\/v2\/media\/5617"}],"wp:attachment":[{"href":"https:\/\/relouded.com\/index.php?rest_route=%2Fwp%2Fv2%2Fmedia&parent=602"}],"curies":[{"name":"wp","href":"https:\/\/api.w.org\/{rel}","templated":true}]}}